{"id":31,"date":"2017-03-09T16:48:03","date_gmt":"2017-03-09T15:48:03","guid":{"rendered":"http:\/\/www.hausberger.biz\/?page_id=31"},"modified":"2025-09-24T09:46:00","modified_gmt":"2025-09-24T07:46:00","slug":"ueberpruefungen-gutachten-schulungen","status":"publish","type":"page","link":"http:\/\/www.hausberger.biz\/","title":{"rendered":"Anlagen\u00fcberpr\u00fcfungen und Gutachten &#8211; Ger\u00e4te\u00fcberpr\u00fcfungen &#8211; \u00dcberpr\u00fcfung und Reparatur von Medizinger\u00e4ten und Ger\u00e4ten der Unterhaltungslektronik"},"content":{"rendered":"<p><img loading=\"lazy\" class=\"aligncenter wp-image-285\" src=\"http:\/\/www.hausberger.biz\/wp-content\/uploads\/2017\/03\/ingbuero-mindestgroesse-25mm1-300x212.jpg\" alt=\"\" width=\"163\" height=\"115\" srcset=\"http:\/\/www.hausberger.biz\/wp-content\/uploads\/2017\/03\/ingbuero-mindestgroesse-25mm1-300x212.jpg 300w, http:\/\/www.hausberger.biz\/wp-content\/uploads\/2017\/03\/ingbuero-mindestgroesse-25mm1-768x543.jpg 768w, http:\/\/www.hausberger.biz\/wp-content\/uploads\/2017\/03\/ingbuero-mindestgroesse-25mm1-1024x724.jpg 1024w, http:\/\/www.hausberger.biz\/wp-content\/uploads\/2017\/03\/ingbuero-mindestgroesse-25mm1-1200x849.jpg 1200w\" sizes=\"(max-width: 163px) 85vw, 163px\" \/><\/p>\n<p style=\"text-align: center;\"><span style=\"font-size: 16pt;\"><strong><span style=\"font-family: arial, helvetica, sans-serif;\"><span style=\"color: #ff6600;\"><span style=\"font-size: 14pt;\"><span style=\"font-size: 18pt; color: #000000;\">Sachverst\u00e4ndiger f\u00fcr Elektrotechnik<\/span><br \/>\n<span style=\"color: #000000;\">Elektrotechnische Gutachten und \u00dcberpr\u00fcfungen<\/span><\/span><\/span><\/span><\/strong><\/span><em><span style=\"font-size: 14pt;\"><strong><span style=\"font-family: arial, helvetica, sans-serif;\"><span style=\"color: #ff6600;\"><br \/>\n<\/span><\/span><\/strong><\/span><\/em><span style=\"font-size: 14pt;\"><strong><span style=\"font-family: arial, helvetica, sans-serif;\"><span style=\"color: #ff6600;\"><span style=\"color: #000000;\">Consulting f\u00fcr Gewerbe- und Industriebetriebe<\/span><\/span><\/span><\/strong><\/span><\/p>\n<figure id=\"attachment_190\" aria-describedby=\"caption-attachment-190\" style=\"width: 387px\" class=\"wp-caption alignleft\"><img loading=\"lazy\" class=\"wp-image-190 \" src=\"http:\/\/www.hausberger.biz\/wp-content\/uploads\/2017\/03\/IMG_0875-300x225.jpg\" width=\"387\" height=\"291\" srcset=\"http:\/\/www.hausberger.biz\/wp-content\/uploads\/2017\/03\/IMG_0875-300x225.jpg 300w, http:\/\/www.hausberger.biz\/wp-content\/uploads\/2017\/03\/IMG_0875-768x576.jpg 768w, http:\/\/www.hausberger.biz\/wp-content\/uploads\/2017\/03\/IMG_0875-1024x768.jpg 1024w, http:\/\/www.hausberger.biz\/wp-content\/uploads\/2017\/03\/IMG_0875-1200x900.jpg 1200w\" sizes=\"(max-width: 387px) 85vw, 387px\" \/><figcaption id=\"caption-attachment-190\" class=\"wp-caption-text\">Ger\u00e4te\u00fcberpr\u00fcfung<\/figcaption><\/figure>\n<figure id=\"attachment_251\" aria-describedby=\"caption-attachment-251\" style=\"width: 387px\" class=\"wp-caption alignright\"><img loading=\"lazy\" class=\" wp-image-251\" src=\"http:\/\/www.hausberger.biz\/wp-content\/uploads\/2017\/03\/IMG_0897-300x225.jpg\" alt=\"Anlagenpr\u00fcfung\" width=\"387\" height=\"290\" srcset=\"http:\/\/www.hausberger.biz\/wp-content\/uploads\/2017\/03\/IMG_0897-300x225.jpg 300w, http:\/\/www.hausberger.biz\/wp-content\/uploads\/2017\/03\/IMG_0897-768x576.jpg 768w, http:\/\/www.hausberger.biz\/wp-content\/uploads\/2017\/03\/IMG_0897-1024x768.jpg 1024w, http:\/\/www.hausberger.biz\/wp-content\/uploads\/2017\/03\/IMG_0897-1200x900.jpg 1200w\" sizes=\"(max-width: 387px) 85vw, 387px\" \/><figcaption id=\"caption-attachment-251\" class=\"wp-caption-text\">Anlagenpr\u00fcfung<\/figcaption><\/figure>\n<p><span style=\"color: #000000;\"><strong><span style=\"font-size: 12pt;\"><span style=\"font-family: georgia, palatino, serif;\"> &gt; <\/span><\/span><\/strong><span style=\"font-size: 12pt;\"><span style=\"font-family: georgia,palatino,serif;\">Durchf\u00fchrung der gesetzlich verpflichtenden \u00dcberpr\u00fcfunge<\/span><\/span><span style=\"font-family: georgia,palatino,serif;\">n f\u00fcr Unternehmen laut\u00a0<\/span><span style=\"font-size: 12pt;\"><span style=\"font-family: georgia, palatino, serif;\">Arbeitnehmerschutzverordnung<\/span><\/span><strong><span style=\"font-size: 12pt;\"><span style=\"font-family: georgia, palatino, serif;\">,<\/span><\/span><\/strong><span style=\"font-family: georgia,palatino,serif;\"> Elektroschutzverordnung 2012, Elektrotechnikverordnung 2010.<br \/>\n<\/span><span style=\"font-family: georgia, palatino, serif;\">&gt; \u00dcberpr\u00fcfung (E-Check) und Gutachten von:<br \/>\n* Elektrischen Anlagen in <strong>Geb\u00e4uden und Freianlagen<\/strong> (Betriebs- und Personensicherheit) &gt; 1 &#8211; 10 j\u00e4hriger Pr\u00fcfzyklus<br \/>\n* <strong>Photovoltaikanlagen<\/strong> (defekte Module, Betriebs- und Personensicherheit) &gt; 3 &#8211; 5 j\u00e4hriger Pr\u00fcfzyklus<br \/>\n* <strong>Ladestationen, Wallboxen<\/strong> (Kfz, Gabelstapler etc.) &gt; j\u00e4hrliche Pr\u00fcfung<br \/>\n* <strong>Blitzschutzanlagen<\/strong> &gt; 3 j\u00e4hriger Pr\u00fcfungszyklus<br \/>\n* Not- und Ersatzstromanlagen<br \/>\n* <strong>Not- und Sicherheitsbeleuchtung <\/strong>&gt; j\u00e4hrlicher Pr\u00fcfzyklus<br \/>\n* Beleuchtungsst\u00e4rkemessungen<br \/>\n<\/span><span style=\"font-family: georgia, palatino, serif;\">&gt; \u00dcberpr\u00fcfung von Anlagen in <strong>Explosionsbereichen<\/strong> <strong>(VEXAT, ATEX)<\/strong> &gt; j\u00e4hrlicher Pr\u00fcfzyklus<br \/>\n<\/span><span style=\"font-family: georgia, palatino, serif;\">&gt; Bewertung von Brandschutzma\u00dfnahmen <\/span><\/span><span style=\"font-family: georgia, palatino, serif;\"><span style=\"color: #000000;\">(im Zuge der T\u00e4tigkeit als Brandschutzbeauftragter)<br \/>\n<\/span>&gt; Technischer Sicherheitsbeauftragter gem\u00e4\u00df Krankenanstaltengesetz (TSB)<br \/>\n<strong>&gt; Consulting (Betriebswirtschaft und Technik)<\/strong><\/span><\/p>\n<p><iframe loading=\"lazy\" title=\"Ratgeber Ingenieure Mechatronik Christian Hausberger\" width=\"840\" height=\"473\" src=\"https:\/\/www.youtube.com\/embed\/eZ4PqmAYKM0?feature=oembed\" frameborder=\"0\" allow=\"accelerometer; autoplay; clipboard-write; encrypted-media; gyroscope; picture-in-picture; web-share\" referrerpolicy=\"strict-origin-when-cross-origin\" allowfullscreen><\/iframe><\/p>\n<p>&nbsp;<\/p>\n<p>&nbsp;<\/p>\n<figure id=\"attachment_36\" aria-describedby=\"caption-attachment-36\" style=\"width: 300px\" class=\"wp-caption aligncenter\"><img loading=\"lazy\" class=\"wp-image-36 size-medium\" src=\"http:\/\/www.hausberger.biz\/wp-content\/uploads\/2017\/03\/IMG_0299-300x225.jpg\" alt=\"Medizinger\u00e4te\u00fcberpr\u00fcfung\" width=\"300\" height=\"225\" srcset=\"http:\/\/www.hausberger.biz\/wp-content\/uploads\/2017\/03\/IMG_0299-300x225.jpg 300w, http:\/\/www.hausberger.biz\/wp-content\/uploads\/2017\/03\/IMG_0299-768x576.jpg 768w, http:\/\/www.hausberger.biz\/wp-content\/uploads\/2017\/03\/IMG_0299-1024x768.jpg 1024w, http:\/\/www.hausberger.biz\/wp-content\/uploads\/2017\/03\/IMG_0299-1200x900.jpg 1200w\" sizes=\"(max-width: 300px) 85vw, 300px\" \/><figcaption id=\"caption-attachment-36\" class=\"wp-caption-text\">\u00dcberpr\u00fcfung von Medizinger\u00e4ten<\/figcaption><\/figure>\n<p><span style=\"color: #000000;\"><strong><span style=\"font-family: helvetica,arial,sans-serif; font-size: 16pt;\">\u00dcberpr\u00fcfung und Reparatur von Medizinger\u00e4ten<\/span><\/strong><span style=\"font-size: 16pt;\"><strong><span style=\"font-family: helvetica, arial, sans-serif;\"> und Unterhaltungselektronik<\/span><\/strong><\/span><br \/>\n<span style=\"font-family: georgia,palatino,serif; font-size: 12pt;\">&gt;<strong> Gesetzlich verpflichtende<\/strong> wiederkehrende sicherheitstechnische Kontrolle von medizinischen elektrischen Ger\u00e4ten,\u00a0\u00dcberpr\u00fcfung von Medizinger\u00e4ten (STK) nach der Medizinprodukteverordnung MBPV, EN 62353, Z.B.: Reizstrom-, Hochfrequenz- und Ultraschalltherapieger\u00e4te; Therapieliegen, Pflege- \/ Krankenhausbetten.<\/span> <span style=\"font-family: georgia, palatino, serif;\">&#8211; meist j\u00e4hrlicher Pr\u00fcfzyklus<\/span><br \/>\n<span style=\"font-family: georgia,palatino,serif; font-size: 12pt;\">&gt; <strong>Gesetzlich verpflichtende<\/strong> \u00dcberpr\u00fcfungen der Elektroanlagen in medizinisch genutzten R\u00e4umen nach der Elektrotechnikverordnung 2002, \u00d6NORM E 8007:2007<br \/>\n<\/span><span style=\"font-family: georgia, palatino, serif;\">&gt; Reparatur von Medizinger\u00e4ten<\/span><br \/>\n<span style=\"font-family: georgia, palatino, serif;\">&gt; Reparatur von Ger\u00e4ten der Unterhaltungselektronik (Radios, Verst\u00e4rker, Plattenspieler, Juke Boxen&#8230;) gerne auch \u00e4ltere Ger\u00e4te<\/span>.<br \/>\n<\/span><\/p>\n<p><span style=\"color: #ff6600;\"><strong><span style=\"font-family: helvetica, arial, sans-serif; font-size: 14pt;\"><span style=\"color: #000000;\">Team:<\/span><br \/>\n<\/span><\/strong><\/span><img loading=\"lazy\" class=\"wp-image-382 \" src=\"http:\/\/www.hausberger.biz\/wp-content\/uploads\/2023\/10\/IngePortrait02-150x150.jpg\" alt=\"\" width=\"168\" height=\"168\" \/> \u00a0\u00a0\u00a0\u00a0\u00a0\u00a0\u00a0\u00a0 <img loading=\"lazy\" class=\"\" src=\"http:\/\/www.hausberger.biz\/wp-content\/uploads\/2023\/10\/Foto-Christian-Hausberger-02-scaled.jpg\" alt=\"\" width=\"132\" height=\"171\" \/><br \/>\nI<span style=\"font-family: georgia, palatino, serif;\">nge Hausberger &#8211; Finanzen, Termine, Organisation;<br \/>\nChristian Hausberger &#8211; Gutachten, Reparaturen;<br \/>\n<\/span><\/p>\n<p><span style=\"color: #ff6600; font-family: helvetica, arial, sans-serif; font-size: 14pt;\"><span style=\"color: #000000; font-size: 16pt;\"><strong>Kooperationspartner:<\/strong><\/span><br \/>\n<\/span><strong><a href=\"http:\/\/www.elkon.at\"><span style=\"font-family: georgia, palatino, serif;\"><span style=\"color: #000000;\"><span style=\"font-size: 16pt;\">ELKON GmbH, Ingenieurb\u00fcro,\u00a0 St. Georgen im Attergau &#8211; <\/span><\/span><\/span><\/a><\/strong><a href=\"http:\/\/www.elkon.at\"><span style=\"font-family: georgia, palatino, serif;\"><span style=\"color: #000000;\"><span style=\"font-size: 16pt;\"><span style=\"font-size: 12pt;\">Gesch\u00e4ftsf\u00fchrung<\/span><\/span><\/span><\/span><\/a><\/p>\n<p><strong>Weitere Partner:<\/strong><br \/>\n<span style=\"text-decoration: underline;\"><a href=\"http:\/\/www.elektro-essl.at\" target=\"_blank\" rel=\"noopener\"><span style=\"font-family: georgia, palatino, serif;\"><span style=\"color: #000000; text-decoration: underline;\">Uwe Essl &#8211; Medizintechnik, Photovoltaik, Wallboxen \/ Ladestationen<\/span><\/span><\/a><\/span><br \/>\n<span style=\"font-family: georgia, palatino, serif; color: #000000;\"><a style=\"color: #000000;\" href=\"http:\/\/www.stvo-online.at\" target=\"_blank\" rel=\"noopener\">Ing. Ing. Christian Voithofer &#8211; Gerichtlich beeideter Sachverst\u00e4ndiger, Normen- und Gesetze, SFK<\/a><br \/>\n<a style=\"color: #000000;\" href=\"http:\/\/www.m-control.at\/\">Ing. Christian Carbonari &#8211; M Control Automation GmbH &#8211; Automatisierungstechnik<\/a><br \/>\nElektro Haider &#8211; Seekirchen,<br \/>\nElektro H\u00f6rl &#8211; Seekirchen,<br \/>\n<a style=\"color: #000000;\" href=\"http:\/\/www.elektrotechnik-salzburg.at\" target=\"_blank\" rel=\"noopener\">Elektro Demel &#8211; St. Martin bei Lofer<\/a>,<br \/>\n<a style=\"color: #000000;\" href=\"http:\/\/www.e-anlagen.at\" target=\"_blank\" rel=\"noopener\">Elektro Allerstorfer\u00a0 &#8211; Eferding<\/a>,<br \/>\n<a style=\"color: #000000;\" href=\"https:\/\/etus.at\/\">ETUS e.U. &#8211; Markus Hackstock &#8211; Henndorf,\u00a0 <\/a><br \/>\n<\/span><span style=\"font-family: georgia, palatino, serif; color: #000000;\">SUST e.U. &#8211; Susanne Stra\u00dfmair &#8211; Steinbach am Ziehberg;<\/p>\n<p><\/span><\/p>\n<p><strong><span style=\"font-family: helvetica, arial, sans-serif; font-size: 16pt; color: #000000;\">Referenzen:<\/span><br \/>\n<\/strong><span style=\"font-family: georgia, palatino, serif;\">&gt; Gemeinde Seekirchen, Elektrische Anlagen, Blitzschutz (Schulen, Kinderg\u00e4rten, Freiwillige Feuerwehr,<\/span><br \/>\n<span style=\"font-family: georgia, palatino, serif;\"> Mehrzweckhalle, Musikum, Sportzentrum, Universit\u00e4t Seeburg,)<\/span><br \/>\n<span style=\"font-family: georgia, palatino, serif;\"> &gt; Gemeinde Lofer (Medizinger\u00e4te Seniorenheim Lofer)<\/span><br \/>\n<span style=\"font-family: georgia, palatino, serif;\"> &gt; Gemeinde Bergheim, Elektrische Anlage, Blitzschutz (Seniorenheim, Personalwohnhaus)<br \/>\n&gt; Gemeinde Mattsee, (Unterweisung einer elektrotechnisch unterwiesenen Person)<br \/>\n&gt; \u00d6sterreichisches Bundesheer &#8211; (Not- und Fluchtwegsbeleuchtung)<\/span><br \/>\n<span style=\"font-family: georgia, palatino, serif;\"> &gt; Hilfswerk Salzburg, Elektrische Anlage, Blitzschutz (Seniorenheime, Kinderhort, B\u00fcros, Gutachten)<\/span><br \/>\n<span style=\"font-family: georgia, palatino, serif;\"> &gt; Salzburg Wohnbau, Elektrische Anlage, Blitzschutz (Seniorenheim)<\/span><br \/>\n<span style=\"font-family: georgia, palatino, serif;\"> &gt; Land Salzburg, Elektrische Anlage, Gutachten (Kindergarten, Schauspielhaus, ULZ Rif)<\/span><br \/>\n<span style=\"font-family: georgia, palatino, serif;\"> &gt; SOS Kinderdorf Seekirchen, Elektrische Anlage, Blitzschutz, (Mutter &#8211; Kind Wohnhaus, allgemeine Wohnh\u00e4user)<br \/>\n&gt; Lebenshilfe Werkst\u00e4tten, Seekirchen, Salzburg Stadt (Elektrische Anlagen)<\/span><br \/>\n<span style=\"font-family: georgia, palatino, serif;\"> &gt; Hotel Sportwelt Walchhofer, Zauchensee, (Elektrische Anlage)<br \/>\n&gt; BILLA Filiale Zell am See Sch\u00fcttdorf (Beleuchtungsst\u00e4rkemessung)<br \/>\n&gt; GIFAS-Electric (Elektrische Anlage, Blitzschutz)<br \/>\n&gt; Gasthof Post Seekirchen (Elektrische Anlage)<br \/>\n&gt; Caf\u00e9 Konditorei Moser Seekirchen (Elektrische Anlage)<br \/>\n&gt; Herbert M\u00fcllner Werkzeuggro\u00dfhandel &#8211; B\u00fcros, Lager (Elektrische Anlage)<\/span><br \/>\n<span style=\"font-family: georgia, palatino, serif;\"> &gt; Schunk Bahn- und Industrietechnik (Pr\u00fcfzelle)<\/span><br \/>\n<span style=\"font-family: georgia, palatino, serif;\"> &gt; Diverse Facharztpraxen (Medizinger\u00e4te)<\/span><br \/>\n<span style=\"font-family: georgia, palatino, serif;\"> &gt; Diverse Physiotherapeutische Praxen (Medizinger\u00e4te)<br \/>\n&gt; Elektro Allerstorfer &#8211; Kooperation: (\u00dcberpr\u00fcfung Ex Bereiche Fa. Fronius, MAN LKW Werkst\u00e4tten)<br \/>\n&gt; B\u00e4ckerei Scharl &#8211; Ex Bereich (Gutachten)<\/span><br \/>\n<span style=\"font-family: georgia, palatino, serif;\"> &gt; Elektro Haider \u2013 Seekirchen \u2013 Kooperation: (B\u00fcro Teampool, SOS Kinderdorf, Lebenshilfe, Forsterpointner Fahrradzentrum, Hundesportzentrum Seekirchen)<\/span><br \/>\n<span style=\"font-family: georgia, palatino, serif;\"> &gt; Elektro H\u00f6rl \u2013 Seekirchen \u2013 Kooperation: (Schunk)<\/span><br \/>\n<span style=\"font-family: georgia, palatino, serif;\"> &gt; Elektro Essl \u2013 Friedburg \u2013 Kooperation: (Moderne Verpackung GmbH, Metagil &#8211; Medizinger\u00e4te)<\/span><br \/>\n<span style=\"font-family: georgia, palatino, serif;\"> &gt; Elektro Demel \u2013 St. Martin bei Lofer \u2013 Kooperation: (Kaufhaus Auvogl, Bayrische Saalforste, Appartment Stainer, Tankstelle Lagerhaus St. Martin, Sparkasse Lofer, Mittelschule und Volksschule Lofer)<br \/>\n&gt; KFB FaciliTec &#8211; Kooperation &#8211; LUX Tower Linz &#8211; (Elektrische Anlage Verkehrswege)<br \/>\n&gt; Metagil Physikalische Therapie und Rehabilitation &#8211; Technischer Sicherheitsbeauftragter TSB<\/span><\/p>\n<p><span style=\"font-size: 16pt; color: #ff6600;\"><strong><span style=\"font-family: helvetica, arial, sans-serif;\"><span style=\"color: #000000;\">\u00dcber mich:<\/span><br \/>\n<\/span><\/strong><\/span><span style=\"font-family: georgia, palatino, serif; font-size: 12pt;\">Lehre Radio-Fernsehtechniker &gt; berufsbegleitende HTL Elektrotechik &gt; berufsbegleitendes Fachhochschulstudium f\u00fcr Wirtschaftsingenieurwesen &gt; laufende Schulungen (WIFI, BFI).<\/span><br \/>\n<span style=\"font-family: georgia, palatino, serif; font-size: 12pt;\"> Ausbildung (f\u00fcr \/ als):<br \/>\n&gt; E-Check &#8211; WIFI Salzburg.<\/span><br \/>\n<span style=\"font-family: georgia, palatino, serif; font-size: 12pt;\"> &gt; \u00dcberpr\u00fcfung medizinischer elektrischer Ger\u00e4te &#8211; WIFI St. P\u00f6lten.<\/span><br \/>\n<span style=\"font-family: georgia, palatino, serif; font-size: 12pt;\">&gt; Brandschutzwart &#8211; WIFI Linz.<\/span><br \/>\n<span style=\"font-family: georgia, palatino, serif; font-size: 12pt;\"> &gt; Brandschutzbeauftragter &#8211; WIFI Linz.<\/span><br \/>\n<span style=\"font-family: georgia, palatino, serif; font-size: 12pt;\"> &gt; Berechtigung f\u00fcr \u201eArbeiten unter Spannung\u201c &#8211; WIFI Linz.<br \/>\n<\/span><span style=\"font-family: georgia, palatino, serif;\">&gt; Berechtigung f\u00fcr &#8222;Arbeiten und \u00dcberpr\u00fcfungen im Ex Bereich&#8220; (ATEX \/ VEXAT) &#8211; WIFI St. P\u00f6lten<br \/>\n&gt; TSB Technischer Sicherheitsbeauftragter laut Krankenanstaltengesetz<\/span><br \/>\n<span style=\"font-family: georgia, palatino, serif; font-size: 12pt;\"> &gt; WIFI Trainerdiplom.<\/span><br \/>\n<span style=\"font-family: georgia, palatino, serif; font-size: 12pt;\"> &gt; Amateurfunklizenz, Rufzeichen OE2EQM. (Notfunk)<br \/>\nQRG Home: 2m &#8211; 144.625 MHz, 70cm &#8211; 433.475 MHz, CB Kanal 12 FM , PMR Kanal 8<br \/>\n<\/span><\/p>\n<p><span style=\"font-family: georgia, palatino, serif;\">&gt; Lehrgangsleiter Meisterkurs Mechatronik am WIFI Salzburg<br \/>\n&gt; Fachtrainer am WIFI Salzburg und Ober\u00f6sterreich: Elektrotechnik und Mechatronik<br \/>\n&gt; Fachtrainer am BFI Salzburg: Berufsreifepr\u00fcfung Elektrotechnik, elektrotechnisch unterwiesene Person.<\/span><br \/>\n<span style=\"font-family: georgia, palatino, serif;\"> &gt; Zertifizierter Pr\u00fcfer f\u00fcr Lehrabschlusspr\u00fcfungen \u2013 Pr\u00fcfungsvorsitzender und Pr\u00fcfungsbeisitzer f\u00fcr Mechatronik und Elektrotechnik, Wirtschaftskammer Ober\u00f6sterreich und Salzburg.<br \/>\n&gt; Pr\u00fcfungsbeisitzer f\u00fcr Meisterpr\u00fcfungen Mechatronik und Elektronik &#8211; Wirtschaftskammer Salzburg.<\/span><br \/>\n<span style=\"font-family: georgia, palatino, serif;\"> &gt; Fachpr\u00fcfer f\u00fcr die Bef\u00e4higungspr\u00fcfung &#8222;Ingenieurb\u00fcro&#8220; &#8211;\u00a0 Wirtschaftskammer Salzburg und Ober\u00f6sterreich.<\/span><br \/>\n<span style=\"font-family: georgia, palatino, serif;\"> &gt; Fachexperte f\u00fcr &#8222;Ingenieurzertifizierungen&#8220; &#8211;\u00a0 WIFI und BFI Salzburg.<br \/>\n&gt; Mitglied im Arbeitskreis &#8222;Lehrberuf Mechatronik H6 Medizintechnik&#8220; &#8211; Wirtschaftskammer Ober\u00f6sterreich<br \/>\n&gt; Pr\u00fcfer f\u00fcr die &#8222;Duale Akademie&#8220; Mechatronik, WKO\u00d6<br \/>\n&gt; Eintragung im \u00d6sterreichischen Register f\u00fcr Medzinprodukte als Pr\u00fcf- \u00dcberwachungs- und Zertifizierungsstelle.<br \/>\nRegistrierungsnummer: MP-PR-182-03<br \/>\n&gt; Mitglied im Fachgruppenausschuss der Ingenieurb\u00fcros Salzburg, Wirtschaftskammer Salzburg<br \/>\n&gt; Gewerbeberechtigung &#8222;Ingenieurb\u00fcros &#8211; beratende Ingenieure, Fachrichtung Elektrotechnik&#8220;<br \/>\n&gt; Gewerbeberechtigung &#8222;Elektrotechnik unter Ausschlu\u00df der Errichtung von Alarmanlagen&#8220;<br \/>\n<\/span><span style=\"font-family: georgia, palatino, serif;\">&gt; Gewerberechtigung &#8222;Kommunikationselektronik&#8220;<br \/>\n&gt; Gewerbeberechtigung &#8222;Mechatronik&#8220;<br \/>\n<\/span><\/p>\n<p><span style=\"color: #000000;\"><strong><span style=\"font-family: helvetica, arial, sans-serif; font-size: 14pt;\">Sie erreichen uns:<\/span><\/strong><\/span><br \/>\nMo &#8211; Do: 09:00 &#8211; 16:00<br \/>\nFr: 09:00 &#8211; 12:00<br \/>\nTel.: +43 699 10151332<br \/>\ne-mail: office@hausberger.biz<\/p>\n<p><span style=\"font-size: 16pt;\"><strong><span style=\"font-family: helvetica, arial, sans-serif; color: #ff6600;\"><span style=\"color: #000000;\">Impressum:<\/span><br \/>\n<\/span><\/strong><\/span><span style=\"font-family: georgia, palatino, serif;\">Ing. Dipl.-Wirtschaftsing. (FH) Christian Hausberger<\/span><br \/>\n<span style=\"font-family: georgia, palatino, serif;\"> Herbstweg 10, 5201 Seekirchen, Salzburg<\/span><br \/>\n<span style=\"font-family: georgia, palatino, serif;\"> +43 699 10151332, <\/span><span style=\"font-family: georgia, palatino, serif;\">office@hausberger.biz<\/span><br \/>\n<span style=\"font-family: georgia, palatino, serif;\"> www.hausberger.biz<\/span><br \/>\n<span style=\"font-family: georgia, palatino, serif;\"> Ingenieurb\u00fcro f\u00fcr Elektrotechnik<\/span><br \/>\n<span style=\"font-family: georgia, palatino, serif;\"> UID: ATU34666000<\/span><\/p>\n<p><span style=\"font-family: georgia, palatino, serif;\"><a href=\"https:\/\/www.wkoecg.at\/Web\/Ecg.aspx?FirmaID=17c2982e-45f6-49c1-9b62-98f919719456\" target=\"_blank\" rel=\"noopener\"><img src=\"https:\/\/www.wkoecg.at\/Web\/Library\/img\/ecg.gif\" alt=\"Informationen zu E-Commerce und Mediengesetz\" \/><\/a>Ingenieurb\u00fcro DI (FH) Christian Hausberger, 5201 Seekirchen, Salzburg, \u00d6sterreich<\/span><br \/>\n<span style=\"font-family: georgia, palatino, serif;\"> office@hausberger.biz,\u00a0 +43 699 10151332<\/span><\/p>\n<p><span style=\"font-family: georgia, palatino, serif;\">Links:<\/span><\/p>\n<p><a href=\"http:\/\/www.seekirchen.at\/Ingenieurbuero_Christian_Hausberger\" target=\"_blank\" rel=\"noopener\"><img loading=\"lazy\" class=\"wp-image-199 alignleft\" src=\"http:\/\/www.hausberger.biz\/wp-content\/uploads\/2017\/03\/LogoSeekirchen-300x157.jpg\" width=\"124\" height=\"65\" srcset=\"http:\/\/www.hausberger.biz\/wp-content\/uploads\/2017\/03\/LogoSeekirchen-300x157.jpg 300w, http:\/\/www.hausberger.biz\/wp-content\/uploads\/2017\/03\/LogoSeekirchen.jpg 450w\" sizes=\"(max-width: 124px) 85vw, 124px\" \/><\/a><\/p>\n<p><a href=\"https:\/\/www.herold.at\/gelbe-seiten\/seekirchen-am-wallersee\/rN3bB\/ingenieurb%C3%BCro-christian-hausberger\/\" target=\"_blank\" rel=\"noopener\"><img loading=\"lazy\" class=\"alignleft\" title=\"Gelbe Seiten, Branchenbuch, Firmenbewertungen, Telefonbuch - HEROLD.at\" src=\"https:\/\/www.herold.at\/images\/herold.svg\" alt=\"Gelbe Seiten, Branchenbuch, Firmenbewertungen, Telefonbuch - HEROLD.at\" width=\"149\" height=\"29\" \/><\/a><\/p>\n<p><a href=\"https:\/\/at.linkedin.com\/in\/christian-hausberger-83652a87\" target=\"_blank\" rel=\"noopener\"><img loading=\"lazy\" class=\"alignleft wp-image-202\" src=\"http:\/\/www.hausberger.biz\/wp-content\/uploads\/2017\/03\/logo-tm-300x69.png\" alt=\"logo-tm\" width=\"209\" height=\"48\" srcset=\"http:\/\/www.hausberger.biz\/wp-content\/uploads\/2017\/03\/logo-tm-300x69.png 300w, http:\/\/www.hausberger.biz\/wp-content\/uploads\/2017\/03\/logo-tm.png 650w\" sizes=\"(max-width: 209px) 85vw, 209px\" \/><\/a><a href=\"https:\/\/firmen.wko.at\/Web\/DetailsKontakt.aspx?FirmaID=b7dbc15b-f889-40cc-a352-b0b29dc66e17#firmendaten\" target=\"_blank\" rel=\"noopener\"><img loading=\"lazy\" class=\"wp-image-215 alignnone\" src=\"http:\/\/www.hausberger.biz\/wp-content\/uploads\/2017\/03\/index-300x101.png\" alt=\"Logo Wirtschaftskammer Salzburg\" width=\"187\" height=\"63\" srcset=\"http:\/\/www.hausberger.biz\/wp-content\/uploads\/2017\/03\/index-300x101.png 300w, http:\/\/www.hausberger.biz\/wp-content\/uploads\/2017\/03\/index.png 388w\" sizes=\"(max-width: 187px) 85vw, 187px\" \/><\/a><\/p>\n<p><a href=\"https:\/\/www.xing.com\/profile\/Christian_Hausberger?sc_o=mxb_p\" target=\"_blank\" rel=\"noopener\"><img loading=\"lazy\" class=\"irc_mi alignleft\" src=\"https:\/\/upload.wikimedia.org\/wikipedia\/commons\/thumb\/b\/b4\/Xing_logo.svg\/2000px-Xing_logo.svg.png\" alt=\"Bildergebnis f\u00fcr xing logo wei\u00df\" width=\"91\" height=\"36\" \/><\/a><a href=\"http:\/\/www.rv-salzburger-seenland.at\/system\/web\/gelbeseite.aspx?typ=1&amp;letter=I&amp;detailonr=225164622-328&amp;cmd=az&amp;menuonr=218814012\" target=\"_blank\" rel=\"noopener\"><img loading=\"lazy\" class=\"width100 alignleft\" src=\"http:\/\/www.rv-salzburger-seenland.at\/system\/web\/GetImage.ashx?fileid=1023101&amp;mode=T&amp;width=1000&amp;height=1000&amp;ratio=true&amp;fit=false&amp;shadow=false\" alt=\"Logo Regionalverband\" width=\"150\" height=\"59\" \/><\/a><\/p>\n<p><img loading=\"lazy\" class=\"wp-image-285 alignleft\" src=\"http:\/\/www.hausberger.biz\/wp-content\/uploads\/2017\/03\/ingbuero-mindestgroesse-25mm1-300x212.jpg\" alt=\"\" width=\"214\" height=\"151\" srcset=\"http:\/\/www.hausberger.biz\/wp-content\/uploads\/2017\/03\/ingbuero-mindestgroesse-25mm1-300x212.jpg 300w, http:\/\/www.hausberger.biz\/wp-content\/uploads\/2017\/03\/ingbuero-mindestgroesse-25mm1-768x543.jpg 768w, http:\/\/www.hausberger.biz\/wp-content\/uploads\/2017\/03\/ingbuero-mindestgroesse-25mm1-1024x724.jpg 1024w, http:\/\/www.hausberger.biz\/wp-content\/uploads\/2017\/03\/ingbuero-mindestgroesse-25mm1-1200x849.jpg 1200w\" sizes=\"(max-width: 214px) 85vw, 214px\" \/><\/p>\n<p><span style=\"font-family: helvetica,arial,sans-serif; font-size: 10pt;\">DI (FH) Christian Hausberger | Herbstweg 10, A-5201 Seekirchen, Salzburg | christian@hausberger.biz | +43 699 10151332<\/span><\/p>\n","protected":false},"excerpt":{"rendered":"<p>Sachverst\u00e4ndiger f\u00fcr Elektrotechnik Elektrotechnische Gutachten und \u00dcberpr\u00fcfungen Consulting f\u00fcr Gewerbe- und Industriebetriebe &gt; Durchf\u00fchrung der gesetzlich verpflichtenden \u00dcberpr\u00fcfungen f\u00fcr Unternehmen laut\u00a0Arbeitnehmerschutzverordnung, Elektroschutzverordnung 2012, Elektrotechnikverordnung 2010. &gt; \u00dcberpr\u00fcfung (E-Check) und Gutachten von: * Elektrischen Anlagen in Geb\u00e4uden und Freianlagen (Betriebs- und Personensicherheit) &gt; 1 &#8211; 10 j\u00e4hriger Pr\u00fcfzyklus * Photovoltaikanlagen (defekte Module, Betriebs- und Personensicherheit) &gt; &hellip; <a href=\"http:\/\/www.hausberger.biz\/\" class=\"more-link\"><span class=\"screen-reader-text\">&#8222;Anlagen\u00fcberpr\u00fcfungen und Gutachten &#8211; Ger\u00e4te\u00fcberpr\u00fcfungen &#8211; \u00dcberpr\u00fcfung und Reparatur von Medizinger\u00e4ten und Ger\u00e4ten der Unterhaltungslektronik&#8220; <\/span>weiterlesen<\/a><\/p>\n","protected":false},"author":1,"featured_media":0,"parent":0,"menu_order":0,"comment_status":"closed","ping_status":"closed","template":"","meta":[],"_links":{"self":[{"href":"http:\/\/www.hausberger.biz\/index.php\/wp-json\/wp\/v2\/pages\/31"}],"collection":[{"href":"http:\/\/www.hausberger.biz\/index.php\/wp-json\/wp\/v2\/pages"}],"about":[{"href":"http:\/\/www.hausberger.biz\/index.php\/wp-json\/wp\/v2\/types\/page"}],"author":[{"embeddable":true,"href":"http:\/\/www.hausberger.biz\/index.php\/wp-json\/wp\/v2\/users\/1"}],"replies":[{"embeddable":true,"href":"http:\/\/www.hausberger.biz\/index.php\/wp-json\/wp\/v2\/comments?post=31"}],"version-history":[{"count":152,"href":"http:\/\/www.hausberger.biz\/index.php\/wp-json\/wp\/v2\/pages\/31\/revisions"}],"predecessor-version":[{"id":445,"href":"http:\/\/www.hausberger.biz\/index.php\/wp-json\/wp\/v2\/pages\/31\/revisions\/445"}],"wp:attachment":[{"href":"http:\/\/www.hausberger.biz\/index.php\/wp-json\/wp\/v2\/media?parent=31"}],"curies":[{"name":"wp","href":"https:\/\/api.w.org\/{rel}","templated":true}]}}